{"id":13,"date":"2025-09-24T19:50:15","date_gmt":"2025-09-24T17:50:15","guid":{"rendered":"https:\/\/jaimepesaque.com\/?page_id=13"},"modified":"2026-03-20T12:32:34","modified_gmt":"2026-03-20T17:32:34","slug":"chef-jaime-pesaque-fundador-mayta-cocina-peruana","status":"publish","type":"page","link":"https:\/\/jaimepesaque.com\/en\/","title":{"rendered":"Inicio"},"content":{"rendered":"<div class=\"gb-element-356d59a8\">\n<div class=\"gb-element-4341674b\">\n<div class=\"gb-element-5aa67392\">\n<figure class=\"wp-block-image size-medium is-resized\"><img loading=\"lazy\" decoding=\"async\" width=\"300\" height=\"201\" src=\"https:\/\/jaimepesaque.com\/wp-content\/uploads\/2025\/09\/image-5-300x201.png\" alt=\"\" class=\"wp-image-35\" style=\"object-fit:contain;width:150px;height:150px\"\/><\/figure>\n<\/div>\n\n\n\n<div class=\"gb-element-b4359ed1\">\n<div class=\"gb-element-f1449634 jp-burger-contain\">\n<div class=\"gb-element-f03d421a jp-burger\">\n<figure class=\"wp-block-image size-large is-resized\"><a href=\"http:\/\/madburgerlima.com\/\"><img loading=\"lazy\" decoding=\"async\" width=\"242\" height=\"122\" src=\"https:\/\/jaimepesaque.com\/wp-content\/uploads\/2025\/09\/madburgerlima.png\" alt=\"\" class=\"wp-image-33\" style=\"object-fit:contain;width:150px;height:150px\"\/><\/a><\/figure>\n\n\n\n<div class=\"gb-element-f953babf\">\n<p class=\"gb-text gb-text-2f012ff2\"><br><br>MAD BURGER IS PURE OBSESSION AND MADNESS FOR THE PERFECT BURGER.<\/p>\n<\/div>\n\n\n\n<a class=\"gb-text gb-text-a8c0d081\" href=\"https:\/\/madburgerlima.com\/\" target=\"_blank\" rel=\"noopener\">See more<\/a>\n<\/div>\n\n\n\n<div class=\"gb-element-7a9f62f1\"><\/div>\n<\/div>\n\n\n\n<div class=\"gb-element-2dda9e3c jp-500-contain\">\n<div class=\"gb-element-12581601 jp-500\">\n<figure class=\"wp-block-image size-full is-resized\"><a href=\"https:\/\/500grados.com\/\"><img loading=\"lazy\" decoding=\"async\" width=\"250\" height=\"112\" src=\"https:\/\/jaimepesaque.com\/wp-content\/uploads\/2025\/09\/image-1.png\" alt=\"\" class=\"wp-image-200\" style=\"object-fit:contain;width:150px;height:150px\" srcset=\"https:\/\/jaimepesaque.com\/wp-content\/uploads\/2025\/09\/image-1.png 250w, https:\/\/jaimepesaque.com\/wp-content\/uploads\/2025\/09\/image-1-18x8.png 18w\" sizes=\"auto, (max-width: 250px) 100vw, 250px\" \/><\/a><\/figure>\n\n\n\n<div class=\"gb-element-d9ffd8e5\">\n<p class=\"gb-text gb-text-38249cc6\"><br>500 GRADOS IS THE WARMTH OF ITS OVENS AND ITS PEOPLE, YOUR GO-TO SPOT FOR ANY MOMENT OF THE DAY.<\/p>\n<\/div>\n\n\n\n<a class=\"gb-text gb-text-14693a3b\" href=\"https:\/\/500grados.com\/\" target=\"_blank\" rel=\"noopener\">See more<\/a>\n<\/div>\n\n\n\n<div class=\"gb-element-53c3dfb0\"><\/div>\n<\/div>\n\n\n\n<div class=\"gb-element-e67346b5 jp-nuna-contain\">\n<div class=\"gb-element-ddab3f74 jp-nuna\">\n<figure class=\"wp-block-image size-large is-resized\"><img loading=\"lazy\" decoding=\"async\" width=\"1024\" height=\"576\" src=\"https:\/\/jaimepesaque.com\/wp-content\/uploads\/2026\/02\/nuna-logotipo-descripcion-blanco-1024x576.png\" alt=\"\" class=\"wp-image-516\" style=\"object-fit:contain;width:200px;height:150px\" srcset=\"https:\/\/jaimepesaque.com\/wp-content\/uploads\/2026\/02\/nuna-logotipo-descripcion-blanco-1024x576.png 1024w, https:\/\/jaimepesaque.com\/wp-content\/uploads\/2026\/02\/nuna-logotipo-descripcion-blanco-300x169.png 300w, https:\/\/jaimepesaque.com\/wp-content\/uploads\/2026\/02\/nuna-logotipo-descripcion-blanco-768x432.png 768w, https:\/\/jaimepesaque.com\/wp-content\/uploads\/2026\/02\/nuna-logotipo-descripcion-blanco-1536x864.png 1536w, https:\/\/jaimepesaque.com\/wp-content\/uploads\/2026\/02\/nuna-logotipo-descripcion-blanco-2048x1152.png 2048w, https:\/\/jaimepesaque.com\/wp-content\/uploads\/2026\/02\/nuna-logotipo-descripcion-blanco-18x10.png 18w\" sizes=\"auto, (max-width: 1024px) 100vw, 1024px\" \/><\/figure>\n\n\n\n<div class=\"gb-element-d9cba7b7\">\n<p class=\"gb-text gb-text-ed3e0ce9\">NUNA IS THE NIKKEI SOUL, WHERE JAPANESE TRADITION MEETS PERUVIAN IDENTITY.<\/p>\n<\/div>\n\n\n\n<a class=\"gb-text gb-text-3e5fdb65\" href=\"https:\/\/www.instagram.com\/nunamiami?igsh=cTVkN3JnMmw5YmF4\" target=\"_blank\" rel=\"noopener\">See more<\/a>\n<\/div>\n\n\n\n<div class=\"gb-element-f1853722\"><\/div>\n<\/div>\n\n\n\n<div class=\"gb-element-0c4da6ab jp-mayta-contain\">\n<div class=\"gb-element-8966b222 jp-mayta\">\n<figure class=\"wp-block-image size-full is-resized\"><a href=\"https:\/\/www.maytalima.com\/\"><img loading=\"lazy\" decoding=\"async\" width=\"250\" height=\"72\" src=\"https:\/\/jaimepesaque.com\/wp-content\/uploads\/2025\/09\/mayta-logo-new-1.png\" alt=\"\" class=\"wp-image-201\" style=\"object-fit:contain;width:150px;height:70px\" srcset=\"https:\/\/jaimepesaque.com\/wp-content\/uploads\/2025\/09\/mayta-logo-new-1.png 250w, https:\/\/jaimepesaque.com\/wp-content\/uploads\/2025\/09\/mayta-logo-new-1-18x5.png 18w\" sizes=\"auto, (max-width: 250px) 100vw, 250px\" \/><\/a><\/figure>\n\n\n\n<div class=\"gb-element-765db566\">\n<p class=\"gb-text gb-text-c277eb3a\"><br>MAYTA IS JAIME PESAQUE\u2019S JOURNEY THROUGH PERU, AN EXPLORATION AND NARRATIVE TOLD THROUGH HIS OWN CULINARY LANGUAGE.<\/p>\n<\/div>\n\n\n\n<a class=\"gb-text gb-text-21d4329d\" href=\"https:\/\/www.maytalima.com\/\" target=\"_blank\" rel=\"noopener\">See more<\/a>\n<\/div>\n\n\n\n<div class=\"gb-element-1502a65d\"><\/div>\n<\/div>\n\n\n\n<div class=\"gb-element-a70aa72d jp-sapiens-contain\">\n<div class=\"gb-element-2d276892 jp-sapiens\">\n<figure class=\"wp-block-image size-full is-resized\"><img loading=\"lazy\" decoding=\"async\" width=\"2560\" height=\"681\" src=\"https:\/\/jaimepesaque.com\/wp-content\/uploads\/2026\/02\/sapiens-logotipo-descripcion-blanco-scaled.png\" alt=\"\" class=\"wp-image-517\" style=\"object-fit:contain;width:150px;height:150px\" srcset=\"https:\/\/jaimepesaque.com\/wp-content\/uploads\/2026\/02\/sapiens-logotipo-descripcion-blanco-scaled.png 2560w, https:\/\/jaimepesaque.com\/wp-content\/uploads\/2026\/02\/sapiens-logotipo-descripcion-blanco-300x80.png 300w, https:\/\/jaimepesaque.com\/wp-content\/uploads\/2026\/02\/sapiens-logotipo-descripcion-blanco-1024x272.png 1024w, https:\/\/jaimepesaque.com\/wp-content\/uploads\/2026\/02\/sapiens-logotipo-descripcion-blanco-768x204.png 768w, https:\/\/jaimepesaque.com\/wp-content\/uploads\/2026\/02\/sapiens-logotipo-descripcion-blanco-1536x409.png 1536w, https:\/\/jaimepesaque.com\/wp-content\/uploads\/2026\/02\/sapiens-logotipo-descripcion-blanco-2048x545.png 2048w, https:\/\/jaimepesaque.com\/wp-content\/uploads\/2026\/02\/sapiens-logotipo-descripcion-blanco-18x5.png 18w\" sizes=\"auto, (max-width: 2560px) 100vw, 2560px\" \/><\/figure>\n\n\n\n<div class=\"gb-element-9a53879c\">\n<p class=\"gb-text gb-text-070b04e8\"><br>SAPIENS IS AN ERUDITE AND FREE-FORM MONOLOGUE ON THE ANCESTRAL MASTERY OF FIRE.<\/p>\n<\/div>\n\n\n\n<a class=\"gb-text gb-text-c8c5b62b\" href=\"https:\/\/sapienslima.com\/\" target=\"_blank\" rel=\"noopener\">See more<\/a>\n<\/div>\n\n\n\n<div class=\"gb-element-16487c3e\"><\/div>\n<\/div>\n\n\n\n<div class=\"gb-element-93c5ada0 jp-callao-contain\">\n<div class=\"gb-element-da852b84 jp-callao\">\n<figure class=\"wp-block-image size-large is-resized\"><a href=\"https:\/\/www.instagram.com\/callao_cocinaperuana_pe\/\"><img loading=\"lazy\" decoding=\"async\" width=\"1024\" height=\"365\" src=\"https:\/\/jaimepesaque.com\/wp-content\/uploads\/2025\/09\/CALLAO_logo_RGB_2023_6-1024x365.png\" alt=\"\" class=\"wp-image-34\" style=\"object-fit:contain;width:150px;height:150px\" srcset=\"https:\/\/jaimepesaque.com\/wp-content\/uploads\/2025\/09\/CALLAO_logo_RGB_2023_6-1024x365.png 1024w, https:\/\/jaimepesaque.com\/wp-content\/uploads\/2025\/09\/CALLAO_logo_RGB_2023_6-300x107.png 300w, https:\/\/jaimepesaque.com\/wp-content\/uploads\/2025\/09\/CALLAO_logo_RGB_2023_6-768x274.png 768w, https:\/\/jaimepesaque.com\/wp-content\/uploads\/2025\/09\/CALLAO_logo_RGB_2023_6-1536x548.png 1536w, https:\/\/jaimepesaque.com\/wp-content\/uploads\/2025\/09\/CALLAO_logo_RGB_2023_6-2048x730.png 2048w\" sizes=\"auto, (max-width: 1024px) 100vw, 1024px\" \/><\/a><\/figure>\n\n\n\n<div class=\"gb-element-91ba3cd5\">\n<p class=\"gb-text gb-text-23405897\"><br><br><br>CALLAO IS THE ESSENCE OF PERUVIAN CUISINE IN A VIBRANT, CASUAL SETTING.<\/p>\n<\/div>\n\n\n\n<a class=\"gb-text gb-text-8d8b24ce\" href=\"https:\/\/www.callao.nl\/\" target=\"_blank\" rel=\"noopener\">See more<\/a>\n<\/div>\n\n\n\n<div class=\"gb-element-a00876a8\"><\/div>\n<\/div>\n\n\n\n<div class=\"gb-element-0285ca48 jp-kira-contain\">\n<div class=\"gb-element-8c160ff4 jp-kira\">\n<figure class=\"wp-block-image size-large is-resized\"><img loading=\"lazy\" decoding=\"async\" width=\"1024\" height=\"531\" src=\"https:\/\/jaimepesaque.com\/wp-content\/uploads\/2026\/01\/cf7e7761cf4df8ddac3b8a220e1305da5fb337e8-1024x531.png\" alt=\"\" class=\"wp-image-411\" style=\"object-fit:contain;width:150px;height:150px\" srcset=\"https:\/\/jaimepesaque.com\/wp-content\/uploads\/2026\/01\/cf7e7761cf4df8ddac3b8a220e1305da5fb337e8-1024x531.png 1024w, https:\/\/jaimepesaque.com\/wp-content\/uploads\/2026\/01\/cf7e7761cf4df8ddac3b8a220e1305da5fb337e8-300x156.png 300w, https:\/\/jaimepesaque.com\/wp-content\/uploads\/2026\/01\/cf7e7761cf4df8ddac3b8a220e1305da5fb337e8-768x398.png 768w, https:\/\/jaimepesaque.com\/wp-content\/uploads\/2026\/01\/cf7e7761cf4df8ddac3b8a220e1305da5fb337e8-1536x797.png 1536w, https:\/\/jaimepesaque.com\/wp-content\/uploads\/2026\/01\/cf7e7761cf4df8ddac3b8a220e1305da5fb337e8-2048x1062.png 2048w, https:\/\/jaimepesaque.com\/wp-content\/uploads\/2026\/01\/cf7e7761cf4df8ddac3b8a220e1305da5fb337e8-18x9.png 18w\" sizes=\"auto, (max-width: 1024px) 100vw, 1024px\" \/><\/figure>\n\n\n\n<div class=\"gb-element-07f9c325\">\n<p class=\"gb-text gb-text-40ab3f2d\"><br><br>KIRA IS THE RHYTHM OF NIKKEI COOKING; A VERSATILE, CASUAL PROPOSAL WITH BOLD CHARACTER.<\/p>\n<\/div>\n\n\n\n<a class=\"gb-text gb-text-bb4bd211\">See more<\/a>\n<\/div>\n\n\n\n<div class=\"gb-element-e41e9793\"><\/div>\n<\/div>\n<\/div>\n\n\n\n<div class=\"gb-element-6b0d656a links-home\">\n<div class=\"gb-element-c9ff3932\">\n<p class=\"gb-text gb-text-bfd492c9\"><a href=\"https:\/\/jaimepesaque.com\/en\/politica-privacidad\/\" data-type=\"page\" data-id=\"3\">Privacy policy and use of personal data<\/a><\/p>\n<\/div>\n\n\n\n<div class=\"gb-element-0466ac4e\">\n<p class=\"gb-text gb-text-932fad77\"><a href=\"https:\/\/jaimepesaque.com\/en\/politicas-cookies\/\" data-type=\"page\" data-id=\"187\">Cookie Policy<\/a><\/p>\n<\/div>\n<\/div>\n\n\n\n<div class=\"gb-element-b87f419e link-home-mobile\">\n<p class=\"gb-text gb-text-72b25983\"><a href=\"https:\/\/jaimepesaque.com\/en\/politica-privacidad\/\" data-type=\"page\" data-id=\"3\">Privacy policy and use of personal data <\/a><\/p>\n\n\n\n<p class=\"gb-text gb-text-deb93ed2\"><a href=\"https:\/\/jaimepesaque.com\/en\/politicas-cookies\/\" data-type=\"page\" data-id=\"187\">Cookie Policy<\/a><\/p>\n<\/div>\n<\/div>\n\n\n\n<div class=\"gb-element-3c07088e\">\n<div class=\"gb-element-c8c4b8d7\">\n<figure class=\"wp-block-image size-full is-resized\"><img loading=\"lazy\" decoding=\"async\" width=\"700\" height=\"468\" src=\"https:\/\/jaimepesaque.com\/wp-content\/uploads\/2026\/01\/572ee778c360f958031f100e6c8c3cd5ff54f1a7.png\" alt=\"\" class=\"wp-image-480\" style=\"object-fit:contain;width:150px;height:150px\" srcset=\"https:\/\/jaimepesaque.com\/wp-content\/uploads\/2026\/01\/572ee778c360f958031f100e6c8c3cd5ff54f1a7.png 700w, https:\/\/jaimepesaque.com\/wp-content\/uploads\/2026\/01\/572ee778c360f958031f100e6c8c3cd5ff54f1a7-300x201.png 300w, https:\/\/jaimepesaque.com\/wp-content\/uploads\/2026\/01\/572ee778c360f958031f100e6c8c3cd5ff54f1a7-18x12.png 18w\" sizes=\"auto, (max-width: 700px) 100vw, 700px\" \/><\/figure>\n<\/div>\n\n\n\n<div>\n<div class=\"gb-element-311c32c8 jp-mayta-mb-contain\">\n<div class=\"gb-element-f3993927 jp-mayta-mb\">\n<img loading=\"lazy\" decoding=\"async\" width=\"250\" height=\"72\" class=\"gb-media-a832213a\" alt=\"\" src=\"https:\/\/jaimepesaque.com\/wp-content\/uploads\/2025\/09\/mayta-logo-new-1.png\" title=\"mayta-logo-new 1\" srcset=\"https:\/\/jaimepesaque.com\/wp-content\/uploads\/2025\/09\/mayta-logo-new-1.png 250w, https:\/\/jaimepesaque.com\/wp-content\/uploads\/2025\/09\/mayta-logo-new-1-18x5.png 18w\" sizes=\"auto, (max-width: 250px) 100vw, 250px\" \/>\n\n\n\n<a class=\"gb-text gb-text-c91b459e\">See more<\/a>\n<\/div>\n\n\n\n<div class=\"gb-element-37ea6bab\"><\/div>\n<\/div>\n\n\n\n<div class=\"gb-element-b8909f51\">\n<div class=\"gb-element-3b4d66fc jp-nuna-mb-contain\">\n<div class=\"gb-element-4ee849e4 jp-nuna-mb\">\n<img loading=\"lazy\" decoding=\"async\" width=\"1288\" height=\"343\" class=\"gb-media-95825840\" alt=\"\" src=\"https:\/\/jaimepesaque.com\/wp-content\/uploads\/2025\/09\/3.-Nuna_Logotipo-con-descriptor-blanco-1.png\" title=\"3. Nuna_Logotipo con descriptor blanco 1\" srcset=\"https:\/\/jaimepesaque.com\/wp-content\/uploads\/2025\/09\/3.-Nuna_Logotipo-con-descriptor-blanco-1.png 1288w, https:\/\/jaimepesaque.com\/wp-content\/uploads\/2025\/09\/3.-Nuna_Logotipo-con-descriptor-blanco-1-300x80.png 300w, https:\/\/jaimepesaque.com\/wp-content\/uploads\/2025\/09\/3.-Nuna_Logotipo-con-descriptor-blanco-1-1024x273.png 1024w, https:\/\/jaimepesaque.com\/wp-content\/uploads\/2025\/09\/3.-Nuna_Logotipo-con-descriptor-blanco-1-768x205.png 768w, https:\/\/jaimepesaque.com\/wp-content\/uploads\/2025\/09\/3.-Nuna_Logotipo-con-descriptor-blanco-1-18x5.png 18w\" sizes=\"auto, (max-width: 1288px) 100vw, 1288px\" \/>\n\n\n\n<a class=\"gb-text gb-text-efc84510\">See more<\/a>\n<\/div>\n\n\n\n<div class=\"gb-element-e8b746d0\"><\/div>\n<\/div>\n\n\n\n<div class=\"gb-element-f22af379 jp-500-mb-contain\">\n<div class=\"gb-element-abd1dce7 jp-500-mb\">\n<img loading=\"lazy\" decoding=\"async\" width=\"250\" height=\"112\" class=\"gb-media-e1d40092\" alt=\"\" src=\"https:\/\/jaimepesaque.com\/wp-content\/uploads\/2025\/09\/image-1.png\" title=\"image 1\" srcset=\"https:\/\/jaimepesaque.com\/wp-content\/uploads\/2025\/09\/image-1.png 250w, https:\/\/jaimepesaque.com\/wp-content\/uploads\/2025\/09\/image-1-18x8.png 18w\" sizes=\"auto, (max-width: 250px) 100vw, 250px\" \/>\n\n\n\n<a class=\"gb-text gb-text-51fe27c9\">See more<\/a>\n<\/div>\n\n\n\n<div class=\"gb-element-4d626935\"><\/div>\n<\/div>\n\n\n\n<div class=\"gb-element-2ea611b2 jp-sapiens-mb-contain\">\n<div class=\"gb-element-228b838e jp-sapiens-mb\">\n<img loading=\"lazy\" decoding=\"async\" width=\"242\" height=\"122\" class=\"gb-media-e1ba8938\" alt=\"\" src=\"https:\/\/jaimepesaque.com\/wp-content\/uploads\/2025\/09\/sapiens.png\" title=\"sapiens\"\/>\n\n\n\n<a class=\"gb-text gb-text-1e948f3e\">See more<\/a>\n<\/div>\n\n\n\n<div class=\"gb-element-65db236d\"><\/div>\n<\/div>\n\n\n\n<div class=\"gb-element-defa5c81 jp-burger-mb-contain\">\n<div class=\"gb-element-b4e4e701 jp-burger-mb\">\n<img loading=\"lazy\" decoding=\"async\" width=\"242\" height=\"122\" class=\"gb-media-98b7a970\" alt=\"\" src=\"https:\/\/jaimepesaque.com\/wp-content\/uploads\/2025\/09\/madburgerlima.png\" title=\"madburgerlima\"\/>\n\n\n\n<a class=\"gb-text gb-text-73bf5f26\">See more<\/a>\n<\/div>\n\n\n\n<div class=\"gb-element-c7a49062\"><\/div>\n<\/div>\n\n\n\n<div class=\"gb-element-3b8f52f9 jp-kira-mb-contain\">\n<div class=\"gb-element-753ce100 jp-kira-mb\">\n<img loading=\"lazy\" decoding=\"async\" width=\"2560\" height=\"1328\" class=\"gb-media-b9585705\" alt=\"\" src=\"https:\/\/jaimepesaque.com\/wp-content\/uploads\/2026\/01\/cf7e7761cf4df8ddac3b8a220e1305da5fb337e8-scaled.png\" title=\"cf7e7761cf4df8ddac3b8a220e1305da5fb337e8\" srcset=\"https:\/\/jaimepesaque.com\/wp-content\/uploads\/2026\/01\/cf7e7761cf4df8ddac3b8a220e1305da5fb337e8-scaled.png 2560w, https:\/\/jaimepesaque.com\/wp-content\/uploads\/2026\/01\/cf7e7761cf4df8ddac3b8a220e1305da5fb337e8-300x156.png 300w, https:\/\/jaimepesaque.com\/wp-content\/uploads\/2026\/01\/cf7e7761cf4df8ddac3b8a220e1305da5fb337e8-1024x531.png 1024w, https:\/\/jaimepesaque.com\/wp-content\/uploads\/2026\/01\/cf7e7761cf4df8ddac3b8a220e1305da5fb337e8-768x398.png 768w, https:\/\/jaimepesaque.com\/wp-content\/uploads\/2026\/01\/cf7e7761cf4df8ddac3b8a220e1305da5fb337e8-1536x797.png 1536w, https:\/\/jaimepesaque.com\/wp-content\/uploads\/2026\/01\/cf7e7761cf4df8ddac3b8a220e1305da5fb337e8-2048x1062.png 2048w, https:\/\/jaimepesaque.com\/wp-content\/uploads\/2026\/01\/cf7e7761cf4df8ddac3b8a220e1305da5fb337e8-18x9.png 18w\" sizes=\"auto, (max-width: 2560px) 100vw, 2560px\" \/>\n\n\n\n<a class=\"gb-text gb-text-31de4ffb\">See more<\/a>\n<\/div>\n\n\n\n<div class=\"gb-element-3ab5c69f\"><\/div>\n<\/div>\n\n\n\n<div class=\"gb-element-1f9ff6c3 jp-callao-mb-contain\">\n<div class=\"gb-element-eed1fa94 jp-callao-mb\">\n<img loading=\"lazy\" decoding=\"async\" width=\"2560\" height=\"913\" class=\"gb-media-f41f3de6\" alt=\"\" src=\"https:\/\/jaimepesaque.com\/wp-content\/uploads\/2025\/09\/CALLAO_logo_RGB_2023_6-scaled.png\" title=\"CALLAO_logo_RGB_2023_6\" srcset=\"https:\/\/jaimepesaque.com\/wp-content\/uploads\/2025\/09\/CALLAO_logo_RGB_2023_6-scaled.png 2560w, https:\/\/jaimepesaque.com\/wp-content\/uploads\/2025\/09\/CALLAO_logo_RGB_2023_6-300x107.png 300w, https:\/\/jaimepesaque.com\/wp-content\/uploads\/2025\/09\/CALLAO_logo_RGB_2023_6-1024x365.png 1024w, https:\/\/jaimepesaque.com\/wp-content\/uploads\/2025\/09\/CALLAO_logo_RGB_2023_6-768x274.png 768w, https:\/\/jaimepesaque.com\/wp-content\/uploads\/2025\/09\/CALLAO_logo_RGB_2023_6-1536x548.png 1536w, https:\/\/jaimepesaque.com\/wp-content\/uploads\/2025\/09\/CALLAO_logo_RGB_2023_6-2048x730.png 2048w\" sizes=\"auto, (max-width: 2560px) 100vw, 2560px\" \/>\n\n\n\n<a class=\"gb-text gb-text-359e244b\">See more<\/a>\n<\/div>\n\n\n\n<div class=\"gb-element-7af68677\"><\/div>\n<\/div>\n<\/div>\n<\/div>\n<\/div>\n<\/div>","protected":false},"excerpt":{"rendered":"<p>MAD BURGER ES OBSESI\u00d3N Y LOCURA POR LAS HAMBURGUESAS. Ver m\u00e1s 500 GRADOS ES EL CALOR DE SUS HORNOS Y DE SU GENTE, TU LUGAR PARA CUALQUIER MOMENTO DEL D\u00cdA. Ver m\u00e1s NUNA ES EL ALMA NIKKEI; DONDE LA TRADICI\u00d3N JAPONESA SE FUSIONA CON LA IDENTIDAD PERUANA. Ver m\u00e1s MAYTA ES EL VIAJE DE JAIME [&hellip;]<\/p>","protected":false},"author":1,"featured_media":0,"parent":0,"menu_order":0,"comment_status":"closed","ping_status":"closed","template":"","meta":{"footnotes":""},"class_list":["post-13","page","type-page","status-publish","hentry"],"yoast_head":"<!-- This site is optimized with the Yoast SEO plugin v27.2 - https:\/\/yoast.com\/product\/yoast-seo-wordpress\/ -->\n<title>Chef Jaime Pesaque | Fundador de Mayta y referente de la cocina peruana<\/title>\n<meta name=\"description\" content=\"Chef Jaime Pesaque, fundador de Mayta, reconocido entre los mejores del mundo. Explorador y narrador de nuevas historias a trav\u00e9s de un nuevo lenguaje\u00a0culinario\" \/>\n<meta name=\"robots\" content=\"index, follow, max-snippet:-1, max-image-preview:large, max-video-preview:-1\" \/>\n<link rel=\"canonical\" href=\"https:\/\/jaimepesaque.com\/en\/\" \/>\n<meta property=\"og:locale\" content=\"en_US\" \/>\n<meta property=\"og:type\" content=\"article\" \/>\n<meta property=\"og:title\" content=\"Chef Jaime Pesaque | Fundador de Mayta y referente de la cocina peruana\" \/>\n<meta property=\"og:description\" content=\"Chef Jaime Pesaque, fundador de Mayta, reconocido entre los mejores del mundo. Explorador y narrador de nuevas historias a trav\u00e9s de un nuevo lenguaje\u00a0culinario\" \/>\n<meta property=\"og:url\" content=\"https:\/\/jaimepesaque.com\/en\/\" \/>\n<meta property=\"og:site_name\" content=\"Jaime Pesaque\" \/>\n<meta property=\"article:modified_time\" content=\"2026-03-20T17:32:34+00:00\" \/>\n<meta property=\"og:image\" content=\"https:\/\/jaimepesaque.com\/wp-content\/uploads\/2025\/09\/image-5-e1759429314747.png\" \/>\n\t<meta property=\"og:image:width\" content=\"273\" \/>\n\t<meta property=\"og:image:height\" content=\"160\" \/>\n\t<meta property=\"og:image:type\" content=\"image\/png\" \/>\n<meta name=\"twitter:card\" content=\"summary_large_image\" \/>\n<meta name=\"twitter:label1\" content=\"Est. reading time\" \/>\n\t<meta name=\"twitter:data1\" content=\"4 minutes\" \/>\n<script type=\"application\/ld+json\" class=\"yoast-schema-graph\">{\"@context\":\"https:\/\/schema.org\",\"@graph\":[{\"@type\":\"WebPage\",\"@id\":\"https:\/\/jaimepesaque.com\/\",\"url\":\"https:\/\/jaimepesaque.com\/\",\"name\":\"Chef Jaime Pesaque | Fundador de Mayta y referente de la cocina peruana\",\"isPartOf\":{\"@id\":\"https:\/\/jaimepesaque.com\/#website\"},\"primaryImageOfPage\":{\"@id\":\"https:\/\/jaimepesaque.com\/#primaryimage\"},\"image\":{\"@id\":\"https:\/\/jaimepesaque.com\/#primaryimage\"},\"thumbnailUrl\":\"https:\/\/jaimepesaque.com\/wp-content\/uploads\/2025\/09\/image-5-300x201.png\",\"datePublished\":\"2025-09-24T17:50:15+00:00\",\"dateModified\":\"2026-03-20T17:32:34+00:00\",\"description\":\"Chef Jaime Pesaque, fundador de Mayta, reconocido entre los mejores del mundo. Explorador y narrador de nuevas historias a trav\u00e9s de un nuevo lenguaje\u00a0culinario\",\"breadcrumb\":{\"@id\":\"https:\/\/jaimepesaque.com\/#breadcrumb\"},\"inLanguage\":\"en-US\",\"potentialAction\":[{\"@type\":\"ReadAction\",\"target\":[\"https:\/\/jaimepesaque.com\/\"]}]},{\"@type\":\"ImageObject\",\"inLanguage\":\"en-US\",\"@id\":\"https:\/\/jaimepesaque.com\/#primaryimage\",\"url\":\"https:\/\/jaimepesaque.com\/wp-content\/uploads\/2025\/09\/image-5-300x201.png\",\"contentUrl\":\"https:\/\/jaimepesaque.com\/wp-content\/uploads\/2025\/09\/image-5-300x201.png\"},{\"@type\":\"BreadcrumbList\",\"@id\":\"https:\/\/jaimepesaque.com\/#breadcrumb\",\"itemListElement\":[{\"@type\":\"ListItem\",\"position\":1,\"name\":\"Portada\",\"item\":\"https:\/\/jaimepesaque.com\/\"},{\"@type\":\"ListItem\",\"position\":2,\"name\":\"Inicio\"}]},{\"@type\":\"WebSite\",\"@id\":\"https:\/\/jaimepesaque.com\/#website\",\"url\":\"https:\/\/jaimepesaque.com\/\",\"name\":\"Jaime Pesaque\",\"description\":\"Chef peruano reconocido internacionalmente\",\"publisher\":{\"@id\":\"https:\/\/jaimepesaque.com\/#organization\"},\"potentialAction\":[{\"@type\":\"SearchAction\",\"target\":{\"@type\":\"EntryPoint\",\"urlTemplate\":\"https:\/\/jaimepesaque.com\/?s={search_term_string}\"},\"query-input\":{\"@type\":\"PropertyValueSpecification\",\"valueRequired\":true,\"valueName\":\"search_term_string\"}}],\"inLanguage\":\"en-US\"},{\"@type\":\"Organization\",\"@id\":\"https:\/\/jaimepesaque.com\/#organization\",\"name\":\"JPR\",\"url\":\"https:\/\/jaimepesaque.com\/\",\"logo\":{\"@type\":\"ImageObject\",\"inLanguage\":\"en-US\",\"@id\":\"https:\/\/jaimepesaque.com\/#\/schema\/logo\/image\/\",\"url\":\"https:\/\/jaimepesaque.com\/wp-content\/uploads\/2025\/10\/log1.png\",\"contentUrl\":\"https:\/\/jaimepesaque.com\/wp-content\/uploads\/2025\/10\/log1.png\",\"width\":335,\"height\":105,\"caption\":\"JPR\"},\"image\":{\"@id\":\"https:\/\/jaimepesaque.com\/#\/schema\/logo\/image\/\"}}]}<\/script>\n<!-- \/ Yoast SEO plugin. -->","yoast_head_json":{"title":"Chef Jaime Pesaque | Fundador de Mayta y referente de la cocina peruana","description":"Chef Jaime Pesaque, fundador de Mayta, reconocido entre los mejores del mundo. Explorador y narrador de nuevas historias a trav\u00e9s de un nuevo lenguaje\u00a0culinario","robots":{"index":"index","follow":"follow","max-snippet":"max-snippet:-1","max-image-preview":"max-image-preview:large","max-video-preview":"max-video-preview:-1"},"canonical":"https:\/\/jaimepesaque.com\/en\/","og_locale":"en_US","og_type":"article","og_title":"Chef Jaime Pesaque | Fundador de Mayta y referente de la cocina peruana","og_description":"Chef Jaime Pesaque, fundador de Mayta, reconocido entre los mejores del mundo. Explorador y narrador de nuevas historias a trav\u00e9s de un nuevo lenguaje\u00a0culinario","og_url":"https:\/\/jaimepesaque.com\/en\/","og_site_name":"Jaime Pesaque","article_modified_time":"2026-03-20T17:32:34+00:00","og_image":[{"width":273,"height":160,"url":"https:\/\/jaimepesaque.com\/wp-content\/uploads\/2025\/09\/image-5-e1759429314747.png","type":"image\/png"}],"twitter_card":"summary_large_image","twitter_misc":{"Est. reading time":"4 minutes"},"schema":{"@context":"https:\/\/schema.org","@graph":[{"@type":"WebPage","@id":"https:\/\/jaimepesaque.com\/","url":"https:\/\/jaimepesaque.com\/","name":"Chef Jaime Pesaque | Fundador de Mayta y referente de la cocina peruana","isPartOf":{"@id":"https:\/\/jaimepesaque.com\/#website"},"primaryImageOfPage":{"@id":"https:\/\/jaimepesaque.com\/#primaryimage"},"image":{"@id":"https:\/\/jaimepesaque.com\/#primaryimage"},"thumbnailUrl":"https:\/\/jaimepesaque.com\/wp-content\/uploads\/2025\/09\/image-5-300x201.png","datePublished":"2025-09-24T17:50:15+00:00","dateModified":"2026-03-20T17:32:34+00:00","description":"Chef Jaime Pesaque, fundador de Mayta, reconocido entre los mejores del mundo. Explorador y narrador de nuevas historias a trav\u00e9s de un nuevo lenguaje\u00a0culinario","breadcrumb":{"@id":"https:\/\/jaimepesaque.com\/#breadcrumb"},"inLanguage":"en-US","potentialAction":[{"@type":"ReadAction","target":["https:\/\/jaimepesaque.com\/"]}]},{"@type":"ImageObject","inLanguage":"en-US","@id":"https:\/\/jaimepesaque.com\/#primaryimage","url":"https:\/\/jaimepesaque.com\/wp-content\/uploads\/2025\/09\/image-5-300x201.png","contentUrl":"https:\/\/jaimepesaque.com\/wp-content\/uploads\/2025\/09\/image-5-300x201.png"},{"@type":"BreadcrumbList","@id":"https:\/\/jaimepesaque.com\/#breadcrumb","itemListElement":[{"@type":"ListItem","position":1,"name":"Portada","item":"https:\/\/jaimepesaque.com\/"},{"@type":"ListItem","position":2,"name":"Inicio"}]},{"@type":"WebSite","@id":"https:\/\/jaimepesaque.com\/#website","url":"https:\/\/jaimepesaque.com\/","name":"Jaime Pesaque","description":"Chef peruano reconocido internacionalmente","publisher":{"@id":"https:\/\/jaimepesaque.com\/#organization"},"potentialAction":[{"@type":"SearchAction","target":{"@type":"EntryPoint","urlTemplate":"https:\/\/jaimepesaque.com\/?s={search_term_string}"},"query-input":{"@type":"PropertyValueSpecification","valueRequired":true,"valueName":"search_term_string"}}],"inLanguage":"en-US"},{"@type":"Organization","@id":"https:\/\/jaimepesaque.com\/#organization","name":"JPR","url":"https:\/\/jaimepesaque.com\/","logo":{"@type":"ImageObject","inLanguage":"en-US","@id":"https:\/\/jaimepesaque.com\/#\/schema\/logo\/image\/","url":"https:\/\/jaimepesaque.com\/wp-content\/uploads\/2025\/10\/log1.png","contentUrl":"https:\/\/jaimepesaque.com\/wp-content\/uploads\/2025\/10\/log1.png","width":335,"height":105,"caption":"JPR"},"image":{"@id":"https:\/\/jaimepesaque.com\/#\/schema\/logo\/image\/"}}]}},"_links":{"self":[{"href":"https:\/\/jaimepesaque.com\/en\/wp-json\/wp\/v2\/pages\/13","targetHints":{"allow":["GET"]}}],"collection":[{"href":"https:\/\/jaimepesaque.com\/en\/wp-json\/wp\/v2\/pages"}],"about":[{"href":"https:\/\/jaimepesaque.com\/en\/wp-json\/wp\/v2\/types\/page"}],"author":[{"embeddable":true,"href":"https:\/\/jaimepesaque.com\/en\/wp-json\/wp\/v2\/users\/1"}],"replies":[{"embeddable":true,"href":"https:\/\/jaimepesaque.com\/en\/wp-json\/wp\/v2\/comments?post=13"}],"version-history":[{"count":117,"href":"https:\/\/jaimepesaque.com\/en\/wp-json\/wp\/v2\/pages\/13\/revisions"}],"predecessor-version":[{"id":546,"href":"https:\/\/jaimepesaque.com\/en\/wp-json\/wp\/v2\/pages\/13\/revisions\/546"}],"wp:attachment":[{"href":"https:\/\/jaimepesaque.com\/en\/wp-json\/wp\/v2\/media?parent=13"}],"curies":[{"name":"wp","href":"https:\/\/api.w.org\/{rel}","templated":true}]}}