{"id":60,"date":"2025-09-24T22:57:20","date_gmt":"2025-09-24T20:57:20","guid":{"rendered":"https:\/\/jaimepesaque.com\/?page_id=60"},"modified":"2026-02-16T08:49:34","modified_gmt":"2026-02-16T13:49:34","slug":"contacto","status":"publish","type":"page","link":"https:\/\/jaimepesaque.com\/en\/contacto\/","title":{"rendered":"Contacto"},"content":{"rendered":"<div class=\"gb-element-6a36dd16 contacto-bg\">\n<div class=\"gb-element-22e24046\">\n<div class=\"gb-element-a0afd9a4\">\n<div class=\"gb-element-33be2ae4\">\n<h2 class=\"gb-text gb-text-c5e7e02d\">CONTACT<\/h2>\n\n\n\n<p class=\"gb-text gb-text-ae7339d6\">Completa el formulario <\/p>\n<\/div>\n\n\n\n<div class=\"wp-block-contact-form-7-contact-form-selector form-contact\">\n<div class=\"wpcf7 no-js\" id=\"wpcf7-f68-o1\" lang=\"es-ES\" dir=\"ltr\" data-wpcf7-id=\"68\">\n<div class=\"screen-reader-response\"><p role=\"status\" aria-live=\"polite\" aria-atomic=\"true\"><\/p> <ul><\/ul><\/div>\n<form action=\"\/en\/wp-json\/wp\/v2\/pages\/60#wpcf7-f68-o1\" method=\"post\" class=\"wpcf7-form init\" aria-label=\"Formulario de contacto\" novalidate=\"novalidate\" data-status=\"init\" data-trp-original-action=\"\/en\/wp-json\/wp\/v2\/pages\/60#wpcf7-f68-o1\">\n<fieldset class=\"hidden-fields-container\"><input type=\"hidden\" name=\"_wpcf7\" value=\"68\" \/><input type=\"hidden\" name=\"_wpcf7_version\" value=\"6.1.2\" \/><input type=\"hidden\" name=\"_wpcf7_locale\" value=\"es_ES\" \/><input type=\"hidden\" name=\"_wpcf7_unit_tag\" value=\"wpcf7-f68-o1\" \/><input type=\"hidden\" name=\"_wpcf7_container_post\" value=\"0\" \/><input type=\"hidden\" name=\"_wpcf7_posted_data_hash\" value=\"\" \/>\n<\/fieldset>\n<div class=\"col-1\">\n\t<div class=\"row-1\">\n\t\t<p><span class=\"wpcf7-form-control-wrap\" data-name=\"text-838\"><input size=\"40\" maxlength=\"400\" class=\"wpcf7-form-control wpcf7-text wpcf7-validates-as-required contact-nombre\" aria-required=\"true\" aria-invalid=\"false\" placeholder=\"Name*\" value=\"\" type=\"text\" name=\"text-838\" \/><\/span>\n\t\t<\/p>\n\t<\/div>\n\t<div class=\"row-2\">\n\t\t<p><span class=\"wpcf7-form-control-wrap\" data-name=\"email-957\"><input size=\"40\" maxlength=\"400\" class=\"wpcf7-form-control wpcf7-email wpcf7-validates-as-required wpcf7-text wpcf7-validates-as-email contact-email\" aria-required=\"true\" aria-invalid=\"false\" placeholder=\"Email*\" value=\"\" type=\"email\" name=\"email-957\" \/><\/span>\n\t\t<\/p>\n\t<\/div>\n\t<div class=\"row-3\">\n\t\t<p><span class=\"wpcf7-form-control-wrap\" data-name=\"text-84\"><input size=\"40\" maxlength=\"400\" class=\"wpcf7-form-control wpcf7-text wpcf7-validates-as-required contact-asunto\" aria-required=\"true\" aria-invalid=\"false\" placeholder=\"Subject*\" value=\"\" type=\"text\" name=\"text-84\" \/><\/span>\n\t\t<\/p>\n\t<\/div>\n<\/div>\n<div class=\"col-2\">\n\t<p><span class=\"wpcf7-form-control-wrap\" data-name=\"textarea-145\"><textarea cols=\"40\" rows=\"10\" maxlength=\"2000\" class=\"wpcf7-form-control wpcf7-textarea wpcf7-validates-as-required contact-area\" aria-required=\"true\" aria-invalid=\"false\" placeholder=\"Message*\" name=\"textarea-145\"><\/textarea><\/span>\n\t<\/p>\n<\/div>\n<div class=\"col-3\">\n\t<p><input class=\"wpcf7-form-control wpcf7-submit has-spinner contact-enviar\" type=\"submit\" value=\"Send\" \/>\n\t<\/p>\n<\/div><div class=\"wpcf7-response-output\" aria-hidden=\"true\"><\/div>\n<input type=\"hidden\" name=\"trp-form-language\" value=\"en\"\/><\/form>\n<\/div>\n<\/div>\n<\/div>\n\n\n\n<div class=\"footer-contacto-desktop\">\n<div class=\"gb-element-24878e3f\">\n<div>\n<p class=\"has-base-color has-text-color has-link-color wp-elements-c27b462051fd40e826d43a8b5e302d8b\" style=\"font-size:clamp(14px, 0.875rem + ((1vw - 3.2px) * 0.114), 15px);\">\u00a9 2026 Jaime Pesaque. All Rights Reserved.<\/p>\n<\/div>\n\n\n\n<div class=\"gb-element-fc8a78f3\">\n<figure class=\"wp-block-image size-full\"><a href=\"https:\/\/www.facebook.com\/jaime.pesaque.2025\" target=\"_blank\" rel=\" noreferrer noopener\"><img loading=\"lazy\" decoding=\"async\" width=\"30\" height=\"30\" src=\"https:\/\/jaimepesaque.com\/wp-content\/uploads\/2025\/09\/ri_facebook-fill.png\" alt=\"\" class=\"wp-image-22\"\/><\/a><\/figure>\n\n\n\n<figure class=\"wp-block-image size-full\"><a href=\"https:\/\/www.instagram.com\/jaimepesaque\" target=\"_blank\" rel=\" noreferrer noopener\"><img loading=\"lazy\" decoding=\"async\" width=\"30\" height=\"30\" src=\"https:\/\/jaimepesaque.com\/wp-content\/uploads\/2025\/09\/mdi_instagram.png\" alt=\"\" class=\"wp-image-23\"\/><\/a><\/figure>\n<\/div>\n<\/div>\n\n\n\n<div class=\"gb-element-db7f0b5f\">\n<div>\n<p class=\"has-base-color has-text-color has-link-color wp-elements-6deafabe1cba3e445e053d1c6f37b53b\" style=\"font-size:clamp(14px, 0.875rem + ((1vw - 3.2px) * 0.114), 15px);\">Press information \u2013&nbsp;<a target=\"_blank\" rel=\"noreferrer noopener\" href=\"mailto:hola@jaimepesaque.com\">hola@jaimepesaque.com<\/a><\/p>\n<\/div>\n\n\n\n<div>\n<p class=\"has-base-color has-text-color has-link-color wp-elements-a57b3d6358b432b207e44d2928d84e36\" style=\"font-size:clamp(14px, 0.875rem + ((1vw - 3.2px) * 0.114), 15px);\">Jos\u00e9 Domingo Choquehuanca 351, Miraflores, Lima,&nbsp;Per\u00fa<\/p>\n<\/div>\n<\/div>\n<\/div>\n\n\n\n<div class=\"gb-element-d71dff5d footer-contacto-mobile\">\n<div class=\"gb-element-c9a1d710\">\n<figure class=\"wp-block-image size-full\"><a href=\"https:\/\/www.facebook.com\/jaime.pesaque.2025\" target=\"_blank\" rel=\" noreferrer noopener\"><img loading=\"lazy\" decoding=\"async\" width=\"30\" height=\"30\" src=\"https:\/\/jaimepesaque.com\/wp-content\/uploads\/2025\/09\/ri_facebook-fill.png\" alt=\"\" class=\"wp-image-22\"\/><\/a><\/figure>\n\n\n\n<figure class=\"wp-block-image size-full\"><a href=\"https:\/\/www.instagram.com\/jaimepesaque\" target=\"_blank\" rel=\" noreferrer noopener\"><img loading=\"lazy\" decoding=\"async\" width=\"30\" height=\"30\" src=\"https:\/\/jaimepesaque.com\/wp-content\/uploads\/2025\/09\/mdi_instagram.png\" alt=\"\" class=\"wp-image-23\"\/><\/a><\/figure>\n<\/div>\n\n\n\n<div>\n<p class=\"gb-text gb-text-dd147d5b\">Press information \u2013\u00a0hola@jaimepesaque.com<\/p>\n\n\n\n<p class=\"gb-text gb-text-f506c59e\">Jos\u00e9 Domingo Choquehuanca 351, Miraflores, Lima,&nbsp;Per\u00fa<\/p>\n\n\n\n<p class=\"gb-text gb-text-043c671f\">\u00a9 2025 Jaime Pesaque. All Rights Reserved.<\/p>\n<\/div>\n<\/div>\n<\/div>\n<\/div>","protected":false},"excerpt":{"rendered":"<p>CONTACTO Completa el formulario \u00a9 2026 Jaime Pesaque. All Rights Reserved. Informaci\u00f3n de prensa \u2013&nbsp;hola@jaimepesaque.com Jos\u00e9 Domingo Choquehuanca 351, Miraflores, Lima,&nbsp;Per\u00fa Informaci\u00f3n de prensa \u2013&nbsp;hola@jaimepesaque.com Jos\u00e9 Domingo Choquehuanca 351, Miraflores, Lima,&nbsp;Per\u00fa \u00a9 2025 Jaime Pesaque. All Rights Reserved.<\/p>","protected":false},"author":1,"featured_media":0,"parent":0,"menu_order":0,"comment_status":"closed","ping_status":"closed","template":"","meta":{"footnotes":""},"class_list":["post-60","page","type-page","status-publish","hentry"],"yoast_head":"<!-- This site is optimized with the Yoast SEO plugin v27.2 - https:\/\/yoast.com\/product\/yoast-seo-wordpress\/ -->\n<title>Contacto Jaime Pesaque<\/title>\n<meta name=\"robots\" content=\"index, follow, max-snippet:-1, max-image-preview:large, max-video-preview:-1\" \/>\n<link rel=\"canonical\" href=\"https:\/\/jaimepesaque.com\/en\/contacto\/\" \/>\n<meta property=\"og:locale\" content=\"en_US\" \/>\n<meta property=\"og:type\" content=\"article\" \/>\n<meta property=\"og:title\" content=\"Contacto Jaime Pesaque\" \/>\n<meta property=\"og:description\" content=\"CONTACTO Completa el formulario \u00a9 2026 Jaime Pesaque. All Rights Reserved. Informaci\u00f3n de prensa \u2013&nbsp;hola@jaimepesaque.com Jos\u00e9 Domingo Choquehuanca 351, Miraflores, Lima,&nbsp;Per\u00fa Informaci\u00f3n de prensa \u2013&nbsp;hola@jaimepesaque.com Jos\u00e9 Domingo Choquehuanca 351, Miraflores, Lima,&nbsp;Per\u00fa \u00a9 2025 Jaime Pesaque. All Rights Reserved.\" \/>\n<meta property=\"og:url\" content=\"https:\/\/jaimepesaque.com\/en\/contacto\/\" \/>\n<meta property=\"og:site_name\" content=\"Jaime Pesaque\" \/>\n<meta property=\"article:modified_time\" content=\"2026-02-16T13:49:34+00:00\" \/>\n<meta property=\"og:image\" content=\"https:\/\/jaimepesaque.com\/wp-content\/uploads\/2025\/09\/ri_facebook-fill.png\" \/>\n\t<meta property=\"og:image:width\" content=\"30\" \/>\n\t<meta property=\"og:image:height\" content=\"30\" \/>\n\t<meta property=\"og:image:type\" content=\"image\/png\" \/>\n<meta name=\"twitter:card\" content=\"summary_large_image\" \/>\n<meta name=\"twitter:label1\" content=\"Est. reading time\" \/>\n\t<meta name=\"twitter:data1\" content=\"2 minutes\" \/>\n<script type=\"application\/ld+json\" class=\"yoast-schema-graph\">{\"@context\":\"https:\/\/schema.org\",\"@graph\":[{\"@type\":\"WebPage\",\"@id\":\"https:\/\/jaimepesaque.com\/contacto\/\",\"url\":\"https:\/\/jaimepesaque.com\/contacto\/\",\"name\":\"Contacto Jaime Pesaque\",\"isPartOf\":{\"@id\":\"https:\/\/jaimepesaque.com\/#website\"},\"primaryImageOfPage\":{\"@id\":\"https:\/\/jaimepesaque.com\/contacto\/#primaryimage\"},\"image\":{\"@id\":\"https:\/\/jaimepesaque.com\/contacto\/#primaryimage\"},\"thumbnailUrl\":\"https:\/\/jaimepesaque.com\/wp-content\/uploads\/2025\/09\/ri_facebook-fill.png\",\"datePublished\":\"2025-09-24T20:57:20+00:00\",\"dateModified\":\"2026-02-16T13:49:34+00:00\",\"breadcrumb\":{\"@id\":\"https:\/\/jaimepesaque.com\/contacto\/#breadcrumb\"},\"inLanguage\":\"en-US\",\"potentialAction\":[{\"@type\":\"ReadAction\",\"target\":[\"https:\/\/jaimepesaque.com\/contacto\/\"]}]},{\"@type\":\"ImageObject\",\"inLanguage\":\"en-US\",\"@id\":\"https:\/\/jaimepesaque.com\/contacto\/#primaryimage\",\"url\":\"https:\/\/jaimepesaque.com\/wp-content\/uploads\/2025\/09\/ri_facebook-fill.png\",\"contentUrl\":\"https:\/\/jaimepesaque.com\/wp-content\/uploads\/2025\/09\/ri_facebook-fill.png\"},{\"@type\":\"BreadcrumbList\",\"@id\":\"https:\/\/jaimepesaque.com\/contacto\/#breadcrumb\",\"itemListElement\":[{\"@type\":\"ListItem\",\"position\":1,\"name\":\"Portada\",\"item\":\"https:\/\/jaimepesaque.com\/\"},{\"@type\":\"ListItem\",\"position\":2,\"name\":\"Contacto\"}]},{\"@type\":\"WebSite\",\"@id\":\"https:\/\/jaimepesaque.com\/#website\",\"url\":\"https:\/\/jaimepesaque.com\/\",\"name\":\"Jaime Pesaque\",\"description\":\"Chef peruano reconocido internacionalmente\",\"publisher\":{\"@id\":\"https:\/\/jaimepesaque.com\/#organization\"},\"potentialAction\":[{\"@type\":\"SearchAction\",\"target\":{\"@type\":\"EntryPoint\",\"urlTemplate\":\"https:\/\/jaimepesaque.com\/?s={search_term_string}\"},\"query-input\":{\"@type\":\"PropertyValueSpecification\",\"valueRequired\":true,\"valueName\":\"search_term_string\"}}],\"inLanguage\":\"en-US\"},{\"@type\":\"Organization\",\"@id\":\"https:\/\/jaimepesaque.com\/#organization\",\"name\":\"JPR\",\"url\":\"https:\/\/jaimepesaque.com\/\",\"logo\":{\"@type\":\"ImageObject\",\"inLanguage\":\"en-US\",\"@id\":\"https:\/\/jaimepesaque.com\/#\/schema\/logo\/image\/\",\"url\":\"https:\/\/jaimepesaque.com\/wp-content\/uploads\/2025\/10\/log1.png\",\"contentUrl\":\"https:\/\/jaimepesaque.com\/wp-content\/uploads\/2025\/10\/log1.png\",\"width\":335,\"height\":105,\"caption\":\"JPR\"},\"image\":{\"@id\":\"https:\/\/jaimepesaque.com\/#\/schema\/logo\/image\/\"}}]}<\/script>\n<!-- \/ Yoast SEO plugin. -->","yoast_head_json":{"title":"Contacto Jaime Pesaque","robots":{"index":"index","follow":"follow","max-snippet":"max-snippet:-1","max-image-preview":"max-image-preview:large","max-video-preview":"max-video-preview:-1"},"canonical":"https:\/\/jaimepesaque.com\/en\/contacto\/","og_locale":"en_US","og_type":"article","og_title":"Contacto Jaime Pesaque","og_description":"CONTACTO Completa el formulario \u00a9 2026 Jaime Pesaque. All Rights Reserved. Informaci\u00f3n de prensa \u2013&nbsp;hola@jaimepesaque.com Jos\u00e9 Domingo Choquehuanca 351, Miraflores, Lima,&nbsp;Per\u00fa Informaci\u00f3n de prensa \u2013&nbsp;hola@jaimepesaque.com Jos\u00e9 Domingo Choquehuanca 351, Miraflores, Lima,&nbsp;Per\u00fa \u00a9 2025 Jaime Pesaque. All Rights Reserved.","og_url":"https:\/\/jaimepesaque.com\/en\/contacto\/","og_site_name":"Jaime Pesaque","article_modified_time":"2026-02-16T13:49:34+00:00","og_image":[{"width":30,"height":30,"url":"https:\/\/jaimepesaque.com\/wp-content\/uploads\/2025\/09\/ri_facebook-fill.png","type":"image\/png"}],"twitter_card":"summary_large_image","twitter_misc":{"Est. reading time":"2 minutes"},"schema":{"@context":"https:\/\/schema.org","@graph":[{"@type":"WebPage","@id":"https:\/\/jaimepesaque.com\/contacto\/","url":"https:\/\/jaimepesaque.com\/contacto\/","name":"Contacto Jaime Pesaque","isPartOf":{"@id":"https:\/\/jaimepesaque.com\/#website"},"primaryImageOfPage":{"@id":"https:\/\/jaimepesaque.com\/contacto\/#primaryimage"},"image":{"@id":"https:\/\/jaimepesaque.com\/contacto\/#primaryimage"},"thumbnailUrl":"https:\/\/jaimepesaque.com\/wp-content\/uploads\/2025\/09\/ri_facebook-fill.png","datePublished":"2025-09-24T20:57:20+00:00","dateModified":"2026-02-16T13:49:34+00:00","breadcrumb":{"@id":"https:\/\/jaimepesaque.com\/contacto\/#breadcrumb"},"inLanguage":"en-US","potentialAction":[{"@type":"ReadAction","target":["https:\/\/jaimepesaque.com\/contacto\/"]}]},{"@type":"ImageObject","inLanguage":"en-US","@id":"https:\/\/jaimepesaque.com\/contacto\/#primaryimage","url":"https:\/\/jaimepesaque.com\/wp-content\/uploads\/2025\/09\/ri_facebook-fill.png","contentUrl":"https:\/\/jaimepesaque.com\/wp-content\/uploads\/2025\/09\/ri_facebook-fill.png"},{"@type":"BreadcrumbList","@id":"https:\/\/jaimepesaque.com\/contacto\/#breadcrumb","itemListElement":[{"@type":"ListItem","position":1,"name":"Portada","item":"https:\/\/jaimepesaque.com\/"},{"@type":"ListItem","position":2,"name":"Contacto"}]},{"@type":"WebSite","@id":"https:\/\/jaimepesaque.com\/#website","url":"https:\/\/jaimepesaque.com\/","name":"Jaime Pesaque","description":"Chef peruano reconocido internacionalmente","publisher":{"@id":"https:\/\/jaimepesaque.com\/#organization"},"potentialAction":[{"@type":"SearchAction","target":{"@type":"EntryPoint","urlTemplate":"https:\/\/jaimepesaque.com\/?s={search_term_string}"},"query-input":{"@type":"PropertyValueSpecification","valueRequired":true,"valueName":"search_term_string"}}],"inLanguage":"en-US"},{"@type":"Organization","@id":"https:\/\/jaimepesaque.com\/#organization","name":"JPR","url":"https:\/\/jaimepesaque.com\/","logo":{"@type":"ImageObject","inLanguage":"en-US","@id":"https:\/\/jaimepesaque.com\/#\/schema\/logo\/image\/","url":"https:\/\/jaimepesaque.com\/wp-content\/uploads\/2025\/10\/log1.png","contentUrl":"https:\/\/jaimepesaque.com\/wp-content\/uploads\/2025\/10\/log1.png","width":335,"height":105,"caption":"JPR"},"image":{"@id":"https:\/\/jaimepesaque.com\/#\/schema\/logo\/image\/"}}]}},"_links":{"self":[{"href":"https:\/\/jaimepesaque.com\/en\/wp-json\/wp\/v2\/pages\/60","targetHints":{"allow":["GET"]}}],"collection":[{"href":"https:\/\/jaimepesaque.com\/en\/wp-json\/wp\/v2\/pages"}],"about":[{"href":"https:\/\/jaimepesaque.com\/en\/wp-json\/wp\/v2\/types\/page"}],"author":[{"embeddable":true,"href":"https:\/\/jaimepesaque.com\/en\/wp-json\/wp\/v2\/users\/1"}],"replies":[{"embeddable":true,"href":"https:\/\/jaimepesaque.com\/en\/wp-json\/wp\/v2\/comments?post=60"}],"version-history":[{"count":56,"href":"https:\/\/jaimepesaque.com\/en\/wp-json\/wp\/v2\/pages\/60\/revisions"}],"predecessor-version":[{"id":543,"href":"https:\/\/jaimepesaque.com\/en\/wp-json\/wp\/v2\/pages\/60\/revisions\/543"}],"wp:attachment":[{"href":"https:\/\/jaimepesaque.com\/en\/wp-json\/wp\/v2\/media?parent=60"}],"curies":[{"name":"wp","href":"https:\/\/api.w.org\/{rel}","templated":true}]}}